{"id":57,"date":"2023-04-28T14:15:47","date_gmt":"2023-04-28T17:15:47","guid":{"rendered":"https:\/\/napq.eba.ufmg.br\/?page_id=57"},"modified":"2025-11-18T09:23:52","modified_gmt":"2025-11-18T12:23:52","slug":"nucleodeassessoramentoapesquisa","status":"publish","type":"page","link":"https:\/\/napq.eba.ufmg.br\/index.php\/nucleodeassessoramentoapesquisa\/","title":{"rendered":"NAPq"},"content":{"rendered":"\t\t<div data-elementor-type=\"wp-page\" data-elementor-id=\"57\" class=\"elementor elementor-57\">\n\t\t\t\t\t\t\t\t\t<section class=\"elementor-section elementor-top-section elementor-element elementor-element-672b8f5b elementor-section-boxed elementor-section-height-default elementor-section-height-default\" data-id=\"672b8f5b\" data-element_type=\"section\">\n\t\t\t\t\t\t<div class=\"elementor-container elementor-column-gap-default\">\n\t\t\t\t\t<div class=\"elementor-column elementor-col-100 elementor-top-column elementor-element elementor-element-34874224\" data-id=\"34874224\" data-element_type=\"column\">\n\t\t\t<div class=\"elementor-widget-wrap elementor-element-populated\">\n\t\t\t\t\t\t\t\t<div class=\"elementor-element elementor-element-4997a021 elementor-widget elementor-widget-text-editor\" data-id=\"4997a021\" data-element_type=\"widget\" data-widget_type=\"text-editor.default\">\n\t\t\t\t<div class=\"elementor-widget-container\">\n\t\t\t<style>\/*! elementor - v3.16.0 - 20-09-2023 *\/\n.elementor-widget-text-editor.elementor-drop-cap-view-stacked .elementor-drop-cap{background-color:#69727d;color:#fff}.elementor-widget-text-editor.elementor-drop-cap-view-framed .elementor-drop-cap{color:#69727d;border:3px solid;background-color:transparent}.elementor-widget-text-editor:not(.elementor-drop-cap-view-default) .elementor-drop-cap{margin-top:8px}.elementor-widget-text-editor:not(.elementor-drop-cap-view-default) .elementor-drop-cap-letter{width:1em;height:1em}.elementor-widget-text-editor .elementor-drop-cap{float:left;text-align:center;line-height:1;font-size:50px}.elementor-widget-text-editor .elementor-drop-cap-letter{display:inline-block}<\/style>\t\t\t\t<p><!-- wp:paragraph {\"align\":\"justify\"} --><\/p>\n<p>O <strong>N\u00facleo de Assessoramento \u00e0 Pesquisa (NAPq)<\/strong> \u00e9 o \u00f3rg\u00e3o, vinculado \u00e0 Diretoria da Unidade, que realiza a liga\u00e7\u00e3o da Escola de Belas Artes com a Pr\u00f3-Reitoria de Pesquisa da UFMG e com as institui\u00e7\u00f5es de fomento \u00e0 pesquisa.<\/p>\n<p><!-- \/wp:paragraph --><\/p>\n<p><!-- wp:paragraph {\"align\":\"justify\"} --><\/p>\n<p>O NAPq \u00e9 respons\u00e1vel por facilitar o andamento e divulga\u00e7\u00e3o dos editais de fomento na Escola de Belas Artes; realizar o registro das bolsas de inicia\u00e7\u00e3o cient\u00edfica e o controle dos relat\u00f3rios de pesquisas realizadas nestes projetos; estabelecer a comunica\u00e7\u00e3o e o envio de documentos para as partes envolvidas nos processos; orientar os professores e alunos contemplados; encaminhar o processo de indica\u00e7\u00e3o, substitui\u00e7\u00e3o ou cancelamento das bolsas de inicia\u00e7\u00e3o cient\u00edfica, auxiliar na organiza\u00e7\u00e3o da Semana do Conhecimento da UFMG e emitir os certificados ao final.<\/p>\n<p><!-- \/wp:paragraph --><\/p>\n<p><!-- wp:paragraph --><\/p>\n<p>A Equipe atual do NAPq-EBA \u00e9 constitu\u00edda por:<\/p>\n<p><!-- \/wp:paragraph --><\/p>\n<p><!-- wp:paragraph --><\/p>\n<p>Coordena\u00e7\u00e3o:&nbsp; Gustavo Torrezan<\/p>\n<p><!-- \/wp:paragraph --><\/p>\n<p><!-- wp:paragraph --><\/p>\n<p>Coordena\u00e7\u00e3o Adjunta:&nbsp;Wagner Rodrigues<\/p>\n<p><!-- \/wp:paragraph --><\/p>\n<p><!-- wp:paragraph {\"style\":{\"color\":{\"text\":\"#d91514\"},\"elements\":{\"link\":{\"color\":{\"text\":\"#d91514\"}}}},\"fontSize\":\"medium\"} --><\/p>\n<p style=\"color:#d91514\"><a href=\"https:\/\/www.instagram.com\/napqeba\/\">Instagram<\/a><\/p>\n<p><!-- \/wp:paragraph --><\/p>\n<p><!-- wp:heading --><\/p>\n<h2><strong>Contato<\/strong>:<\/h2>\n<p><!-- \/wp:heading --><\/p>\n<p><!-- wp:paragraph --><\/p>\n<p>Telefone: (31) 3409-5557<\/p>\n<p><!-- \/wp:paragraph --><\/p>\n<p><!-- wp:paragraph --><\/p>\n<p>E-mail: napq@eba.ufmg.br<\/p>\n<p><!-- \/wp:paragraph --><\/p>\n<p><!-- wp:paragraph --><\/p>\n<p><strong>Hor\u00e1rio de funcionamento: <\/strong>14:00 \u00e0s 18:00 segunda sexta<\/p>\n<p><!-- \/wp:paragraph --><\/p>\n<p><!-- wp:paragraph --><\/p>\n<p><strong>Localiza\u00e7\u00e3o:<\/strong>&nbsp;Sala 2028, 1\u00b0 andar <\/p>\n<p><!-- \/wp:paragraph --><\/p>\n<p> Gustavo Torrezan<\/p>\n<p>Wagner Rodrigues<\/p>\t\t\t\t\t\t<\/div>\n\t\t\t\t<\/div>\n\t\t\t\t\t<\/div>\n\t\t<\/div>\n\t\t\t\t\t\t\t<\/div>\n\t\t<\/section>\n\t\t\t\t\t\t\t<\/div>\n\t\t","protected":false},"excerpt":{"rendered":"<p>O N\u00facleo de Assessoramento \u00e0 Pesquisa (NAPq) \u00e9 o \u00f3rg\u00e3o, vinculado \u00e0 Diretoria da Unidade, que realiza a liga\u00e7\u00e3o da Escola de Belas Artes com a Pr\u00f3-Reitoria de Pesquisa da UFMG e com as institui\u00e7\u00f5es de fomento \u00e0 pesquisa. O NAPq \u00e9 respons\u00e1vel por facilitar o andamento e divulga\u00e7\u00e3o dos editais de fomento na Escola [&hellip;]<\/p>\n","protected":false},"author":1,"featured_media":0,"parent":0,"menu_order":0,"comment_status":"closed","ping_status":"closed","template":"","meta":{"saved_in_kubio":true,"footnotes":""},"class_list":["post-57","page","type-page","status-publish","hentry"],"kubio_ai_page_context":{"short_desc":"","purpose":"general"},"_links":{"self":[{"href":"https:\/\/napq.eba.ufmg.br\/index.php\/wp-json\/wp\/v2\/pages\/57","targetHints":{"allow":["GET"]}}],"collection":[{"href":"https:\/\/napq.eba.ufmg.br\/index.php\/wp-json\/wp\/v2\/pages"}],"about":[{"href":"https:\/\/napq.eba.ufmg.br\/index.php\/wp-json\/wp\/v2\/types\/page"}],"author":[{"embeddable":true,"href":"https:\/\/napq.eba.ufmg.br\/index.php\/wp-json\/wp\/v2\/users\/1"}],"replies":[{"embeddable":true,"href":"https:\/\/napq.eba.ufmg.br\/index.php\/wp-json\/wp\/v2\/comments?post=57"}],"version-history":[{"count":14,"href":"https:\/\/napq.eba.ufmg.br\/index.php\/wp-json\/wp\/v2\/pages\/57\/revisions"}],"predecessor-version":[{"id":573,"href":"https:\/\/napq.eba.ufmg.br\/index.php\/wp-json\/wp\/v2\/pages\/57\/revisions\/573"}],"wp:attachment":[{"href":"https:\/\/napq.eba.ufmg.br\/index.php\/wp-json\/wp\/v2\/media?parent=57"}],"curies":[{"name":"wp","href":"https:\/\/api.w.org\/{rel}","templated":true}]}}