{"id":171,"date":"2023-05-16T13:34:20","date_gmt":"2023-05-16T16:34:20","guid":{"rendered":"https:\/\/napq.eba.ufmg.br\/?page_id=171"},"modified":"2024-06-14T13:45:04","modified_gmt":"2024-06-14T16:45:04","slug":"iniciacao-cientifica","status":"publish","type":"page","link":"https:\/\/napq.eba.ufmg.br\/index.php\/iniciacao-cientifica\/","title":{"rendered":"Inicia\u00e7\u00e3o Cient\u00edfica"},"content":{"rendered":"\n<p class=\"has-text-align-justify\">A inicia\u00e7\u00e3o cient\u00edfica \u00e9 uma forma de introduzir alunos em atividades de pesquisa, desenvolvida na universidade, em diversas \u00e1reas acad\u00eamicas, sob a orienta\u00e7\u00e3o de um professor pesquisador. A inicia\u00e7\u00e3o cient\u00edfica \u00e9 um importante instrumento de forma\u00e7\u00e3o dos alunos da gradua\u00e7\u00e3o. Por meio dela, o aluno tem a oportunidade de se envolver com a pesquisa e desenvolver capacidades e habilidades inerentes ao pesquisador, tais como a observa\u00e7\u00e3o, a criatividade, a cr\u00edtica, a escrita, a orat\u00f3ria, entre outras que tamb\u00e9m contribuem para o seu crescimento pessoal e profissional.<\/p>\n\n\n\n<p class=\"has-text-align-justify\">Para desenvolver essa atividade o aluno deve participar de processo seletivo para as modalidades: bolsista e volunt\u00e1rio. As bolsas de Inicia\u00e7\u00e3o cient\u00edfica s\u00e3o financiadas por Institui\u00e7\u00f5es de fomento ou apoio \u00e0 pesquisa, tais como Conselho Nacional de Desenvolvimento Cient\u00edfico e Tecnol\u00f3gico (CNPq), Funda\u00e7\u00e3o de Amparo \u00e0 Pesquisa de Minas Gerais (FAPEMIG), entre outras.<\/p>\n\n\n\n<p class=\"has-text-color has-link-color wp-elements-81832c4be15768091fedb38ce04bfe27\" style=\"color:#d91514\"><a rel=\"noreferrer noopener\" href=\"https:\/\/www.ufmg.br\/prpq\/wp-content\/uploads\/2022\/03\/NormasProcedimentosPRPq2022.docx.pdf\" data-type=\"URL\" data-id=\"https:\/\/www.ufmg.br\/prpq\/wp-content\/uploads\/2022\/03\/NormasProcedimentosPRPq2022.docx.pdf\" target=\"_blank\">NORMAS E PROCEDIMENTOS GERAIS<\/a><\/p>\n","protected":false},"excerpt":{"rendered":"<p>A inicia\u00e7\u00e3o cient\u00edfica \u00e9 uma forma de introduzir alunos em atividades de pesquisa, desenvolvida na universidade, em diversas \u00e1reas acad\u00eamicas, sob a orienta\u00e7\u00e3o de um professor pesquisador. A inicia\u00e7\u00e3o cient\u00edfica \u00e9 um importante instrumento de forma\u00e7\u00e3o dos alunos da gradua\u00e7\u00e3o. Por meio dela, o aluno tem a oportunidade de se envolver com a pesquisa e [&hellip;]<\/p>\n","protected":false},"author":1,"featured_media":0,"parent":0,"menu_order":0,"comment_status":"closed","ping_status":"closed","template":"","meta":{"saved_in_kubio":true,"footnotes":""},"class_list":["post-171","page","type-page","status-publish","hentry"],"kubio_ai_page_context":{"short_desc":"","purpose":"general"},"_links":{"self":[{"href":"https:\/\/napq.eba.ufmg.br\/index.php\/wp-json\/wp\/v2\/pages\/171","targetHints":{"allow":["GET"]}}],"collection":[{"href":"https:\/\/napq.eba.ufmg.br\/index.php\/wp-json\/wp\/v2\/pages"}],"about":[{"href":"https:\/\/napq.eba.ufmg.br\/index.php\/wp-json\/wp\/v2\/types\/page"}],"author":[{"embeddable":true,"href":"https:\/\/napq.eba.ufmg.br\/index.php\/wp-json\/wp\/v2\/users\/1"}],"replies":[{"embeddable":true,"href":"https:\/\/napq.eba.ufmg.br\/index.php\/wp-json\/wp\/v2\/comments?post=171"}],"version-history":[{"count":4,"href":"https:\/\/napq.eba.ufmg.br\/index.php\/wp-json\/wp\/v2\/pages\/171\/revisions"}],"predecessor-version":[{"id":508,"href":"https:\/\/napq.eba.ufmg.br\/index.php\/wp-json\/wp\/v2\/pages\/171\/revisions\/508"}],"wp:attachment":[{"href":"https:\/\/napq.eba.ufmg.br\/index.php\/wp-json\/wp\/v2\/media?parent=171"}],"curies":[{"name":"wp","href":"https:\/\/api.w.org\/{rel}","templated":true}]}}